{"id":279,"date":"2024-02-29T20:42:42","date_gmt":"2024-02-29T19:42:42","guid":{"rendered":"https:\/\/cessegoudron.fr\/?page_id=279"},"modified":"2024-03-22T11:35:05","modified_gmt":"2024-03-22T10:35:05","slug":"historique-de-la-lutte-2","status":"publish","type":"page","link":"https:\/\/cessegoudron.fr\/index.php\/historique-2\/historique-de-la-lutte-2\/","title":{"rendered":"Historique de la lutte"},"content":{"rendered":"\n<div class=\"wp-block-buttons is-layout-flex wp-block-buttons-is-layout-flex\">\n<div class=\"wp-block-button\"><a class=\"wp-block-button__link wp-element-button\" href=\"https:\/\/cessegoudron.fr\/wp-content\/uploads\/2024\/02\/2021-09-tribunal-administratif.pdf\" target=\"_blank\" rel=\"noreferrer noopener\">septembre 2021 &#8211; compte rendu jugement tribunal administratif \/ demande de l&#8217;association CESSE rejet\u00e9e<\/a><\/div>\n<\/div>\n\n\n\n<div class=\"wp-block-buttons is-content-justification-right is-layout-flex wp-container-core-buttons-is-layout-765c4724 wp-block-buttons-is-layout-flex\">\n<div class=\"wp-block-button is-style-outline is-style-outline--1\"><a class=\"wp-block-button__link wp-element-button\" href=\"https:\/\/cessegoudron.fr\/wp-content\/uploads\/2024\/03\/2022-12-deliberation-conseil-communautaire.pdf\" target=\"_blank\" rel=\"noreferrer noopener\"> d\u00e9cembre 2022 &#8211; Bilan de l&#8217;enqu\u00eate publique concernant la modification du PLU avec Expertise G\u00e9ologique et Hydrog\u00e9ologique<\/a><\/div>\n<\/div>\n\n\n\n<div class=\"wp-block-buttons is-layout-flex wp-block-buttons-is-layout-flex\">\n<div class=\"wp-block-button\"><a class=\"wp-block-button__link wp-element-button\" href=\"https:\/\/cessegoudron.fr\/wp-content\/uploads\/2024\/03\/2023-06-jugement-appel.pdf\" target=\"_blank\" rel=\"noreferrer noopener\">juin 2023 &#8211; Jugement de l&#8217;Appel<\/a><\/div>\n<\/div>\n\n\n\n<div class=\"wp-block-buttons is-layout-flex wp-block-buttons-is-layout-flex\">\n<div class=\"wp-block-button is-style-outline is-style-outline--2\"><a class=\"wp-block-button__link wp-element-button\" href=\"https:\/\/cessegoudron.fr\/wp-content\/uploads\/2024\/03\/2024-03-rejet-tribunal-administratif.pdf\" target=\"_blank\" rel=\"noreferrer noopener\">mars 2024 &#8211; Rejet de la demande d&#8217;admissibilit\u00e9 de notre dossier par le Conseil d&#8217;\u00e9tat<\/a><\/div>\n<\/div>\n","protected":false},"excerpt":{"rendered":"<div class=\"read-more-wrapper\"><a  href=\"https:\/\/cessegoudron.fr\/index.php\/historique-2\/historique-de-la-lutte-2\/\" title=\"Read More\"> <span class=\"nobutton\"> [&hellip;] <\/span><\/a><\/div>\n","protected":false},"author":1,"featured_media":0,"parent":287,"menu_order":0,"comment_status":"closed","ping_status":"closed","template":"","meta":{"footnotes":""},"class_list":["post-279","page","type-page","status-publish","hentry"],"_links":{"self":[{"href":"https:\/\/cessegoudron.fr\/index.php\/wp-json\/wp\/v2\/pages\/279","targetHints":{"allow":["GET"]}}],"collection":[{"href":"https:\/\/cessegoudron.fr\/index.php\/wp-json\/wp\/v2\/pages"}],"about":[{"href":"https:\/\/cessegoudron.fr\/index.php\/wp-json\/wp\/v2\/types\/page"}],"author":[{"embeddable":true,"href":"https:\/\/cessegoudron.fr\/index.php\/wp-json\/wp\/v2\/users\/1"}],"replies":[{"embeddable":true,"href":"https:\/\/cessegoudron.fr\/index.php\/wp-json\/wp\/v2\/comments?post=279"}],"version-history":[{"count":6,"href":"https:\/\/cessegoudron.fr\/index.php\/wp-json\/wp\/v2\/pages\/279\/revisions"}],"predecessor-version":[{"id":350,"href":"https:\/\/cessegoudron.fr\/index.php\/wp-json\/wp\/v2\/pages\/279\/revisions\/350"}],"up":[{"embeddable":true,"href":"https:\/\/cessegoudron.fr\/index.php\/wp-json\/wp\/v2\/pages\/287"}],"wp:attachment":[{"href":"https:\/\/cessegoudron.fr\/index.php\/wp-json\/wp\/v2\/media?parent=279"}],"curies":[{"name":"wp","href":"https:\/\/api.w.org\/{rel}","templated":true}]}}