{"id":65,"date":"2024-02-13T10:41:45","date_gmt":"2024-02-13T09:41:45","guid":{"rendered":"https:\/\/cessegoudron.fr\/?page_id=65"},"modified":"2024-03-22T11:22:43","modified_gmt":"2024-03-22T10:22:43","slug":"un-combat-extraordinaire","status":"publish","type":"page","link":"https:\/\/cessegoudron.fr\/index.php\/un-combat-extraordinaire\/","title":{"rendered":"Un combat extraordinaire"},"content":{"rendered":"\n<div class=\"wp-block-group\"><div class=\"wp-block-group__inner-container is-layout-constrained wp-block-group-is-layout-constrained\">\n<p>Voil\u00e0 maintenant 7 ans que la petite ville de Bo\u00ebn est secou\u00e9e par cette annonce : la soci\u00e9t\u00e9 STAL TP de Lyon veut cr\u00e9er une centrale d&#8217;enrobage au bitume \u00e0 chaud et une centrale de concassage des vieux enrob\u00e9s (d\u00e9chets routiers)<\/p>\n\n\n\n<p>La d\u00e9cision est prise au cours d\u2019un conseil de la communaut\u00e9 de communes du Pays d&#8217;Astr\u00e9e o\u00f9 Pierre-Jean Rochette (maire de Bo\u00ebn de l\u2019\u00e9poque)  fait la promotion de l\u2019entreprise de son ami Anthony Stal et propose de r\u00e9server un terrain de 27 000 m2 sur la zone de Champbayard \u00e0 prix r\u00e9duit : 15 euros au lieu de 23 par m2 (soit une r\u00e9duction d&#8217;environ 216 000 euros)<\/p>\n\n\n\n<p class=\"has-background\" style=\"background-color:#abb7c269\">C\u2019est \u00e0 cet instant qu\u2019une partie de la population environnante va se lever et se dresser contre ce projet nocif pour l\u2019environnement et la sant\u00e9. L\u2019association Comit\u00e9 Environnement Sant\u00e9 S\u00e9curit\u00e9 et Education est cr\u00e9\u00e9e : CESSE goudron.<\/p>\n<\/div><\/div>\n","protected":false},"excerpt":{"rendered":"<p>Voil\u00e0 maintenant 7 ans que la petite ville de Bo\u00ebn est secou\u00e9e par cette annonce : la soci\u00e9t\u00e9 STAL TP de Lyon veut cr\u00e9er une centrale d&#8217;enrobage au bitume \u00e0 chaud et une centrale de concassage des vieux enrob\u00e9s (d\u00e9chets routiers) La d\u00e9cision est prise au cours d\u2019un conseil de la communaut\u00e9 de communes du<\/p>\n<div class=\"read-more-wrapper\"><a  href=\"https:\/\/cessegoudron.fr\/index.php\/un-combat-extraordinaire\/\" title=\"Read More\"> <span class=\"nobutton\"> [&hellip;] <\/span><\/a><\/div>\n","protected":false},"author":1,"featured_media":24,"parent":0,"menu_order":0,"comment_status":"open","ping_status":"closed","template":"","meta":{"footnotes":""},"class_list":["post-65","page","type-page","status-publish","has-post-thumbnail","hentry"],"_links":{"self":[{"href":"https:\/\/cessegoudron.fr\/index.php\/wp-json\/wp\/v2\/pages\/65","targetHints":{"allow":["GET"]}}],"collection":[{"href":"https:\/\/cessegoudron.fr\/index.php\/wp-json\/wp\/v2\/pages"}],"about":[{"href":"https:\/\/cessegoudron.fr\/index.php\/wp-json\/wp\/v2\/types\/page"}],"author":[{"embeddable":true,"href":"https:\/\/cessegoudron.fr\/index.php\/wp-json\/wp\/v2\/users\/1"}],"replies":[{"embeddable":true,"href":"https:\/\/cessegoudron.fr\/index.php\/wp-json\/wp\/v2\/comments?post=65"}],"version-history":[{"count":3,"href":"https:\/\/cessegoudron.fr\/index.php\/wp-json\/wp\/v2\/pages\/65\/revisions"}],"predecessor-version":[{"id":343,"href":"https:\/\/cessegoudron.fr\/index.php\/wp-json\/wp\/v2\/pages\/65\/revisions\/343"}],"wp:featuredmedia":[{"embeddable":true,"href":"https:\/\/cessegoudron.fr\/index.php\/wp-json\/wp\/v2\/media\/24"}],"wp:attachment":[{"href":"https:\/\/cessegoudron.fr\/index.php\/wp-json\/wp\/v2\/media?parent=65"}],"curies":[{"name":"wp","href":"https:\/\/api.w.org\/{rel}","templated":true}]}}