{"id":832,"date":"2026-03-10T15:07:01","date_gmt":"2026-03-10T14:07:01","guid":{"rendered":"https:\/\/cessegoudron.fr\/?page_id=832"},"modified":"2026-04-01T15:11:17","modified_gmt":"2026-04-01T13:11:17","slug":"documents","status":"publish","type":"page","link":"https:\/\/cessegoudron.fr\/index.php\/documents\/","title":{"rendered":"Documents"},"content":{"rendered":"\n<p>3 documents \u00e0 t\u00e9l\u00e9charger : <\/p>\n\n\n\n<ul class=\"wp-block-list\">\n<li>1 &#8211;&nbsp;le jugement du Tribunal Administratif de 2021, d\u00e9cision du 7\/10\/2021<\/li>\n\n\n\n<li>2 &#8211;&nbsp;le jugement de la cour d&#8217;appel&nbsp;du Tribunal Administratif de 2023, d\u00e9cision du 14\/6\/2023<\/li>\n\n\n\n<li>3-\u00a0la demande d&#8217;autorisation d&#8217;exploiter de Stal (10 pieces)<\/li>\n<\/ul>\n\n\n\n<figure class=\"wp-block-gallery has-nested-images columns-default is-cropped wp-block-gallery-1 is-layout-flex wp-block-gallery-is-layout-flex\"><\/figure>\n\n\n\n<hr class=\"wp-block-separator has-alpha-channel-opacity\"\/>\n\n\n\n<p>1 &#8211;&nbsp;le jugement du Tribunal Administratif de 2021, d\u00e9cision du 7\/10\/2021<\/p>\n\n\n\n<div data-wp-interactive=\"core\/file\" class=\"wp-block-file\"><object data-wp-bind--hidden=\"!state.hasPdfPreview\" hidden class=\"wp-block-file__embed\" data=\"https:\/\/cessegoudron.fr\/wp-content\/uploads\/2026\/03\/2-le-jugement-du-Tribunal-Administratif-de-2021-decision-du-7102021-JUGEMENT.pdf\" type=\"application\/pdf\" style=\"width:100%;height:600px\" aria-label=\"Contenu embarqu\u00e9 2 - le jugement du Tribunal Administratif de 2021 d\u00e9cision du 7102021 - JUGEMENT.\"><\/object><a id=\"wp-block-file--media-41dccb48-c2d7-4c3d-81e3-9c322202887a\" href=\"https:\/\/cessegoudron.fr\/wp-content\/uploads\/2026\/03\/2-le-jugement-du-Tribunal-Administratif-de-2021-decision-du-7102021-JUGEMENT.pdf\">2 &#8211; le jugement du Tribunal Administratif de 2021 d\u00e9cision du 7102021 &#8211; JUGEMENT<\/a><a href=\"https:\/\/cessegoudron.fr\/wp-content\/uploads\/2026\/03\/2-le-jugement-du-Tribunal-Administratif-de-2021-decision-du-7102021-JUGEMENT.pdf\" class=\"wp-block-file__button wp-element-button\" download aria-describedby=\"wp-block-file--media-41dccb48-c2d7-4c3d-81e3-9c322202887a\">T\u00e9l\u00e9charger<\/a><\/div>\n\n\n\n<hr class=\"wp-block-separator has-alpha-channel-opacity\"\/>\n\n\n\n<p>2 &#8211;&nbsp;le jugement de la cour d&#8217;appel&nbsp;du Tribunal Administratif de 2023, d\u00e9cision du 14\/6\/2023<\/p>\n\n\n\n<div data-wp-interactive=\"core\/file\" class=\"wp-block-file\"><object data-wp-bind--hidden=\"!state.hasPdfPreview\" hidden class=\"wp-block-file__embed\" data=\"https:\/\/cessegoudron.fr\/wp-content\/uploads\/2026\/03\/3-le-jugement-de-la-cour-dappel-du-Tribunal-Administratif-de-2023-decision-du-14062023.pdf\" type=\"application\/pdf\" style=\"width:100%;height:600px\" aria-label=\"Contenu embarqu\u00e9 3 - le jugement de la cour d&apos;appel du Tribunal Administratif de 2023  d\u00e9cision du 14062023.\"><\/object><a id=\"wp-block-file--media-81e99f02-3b89-481e-a718-281f0a29a3d6\" href=\"https:\/\/cessegoudron.fr\/wp-content\/uploads\/2026\/03\/3-le-jugement-de-la-cour-dappel-du-Tribunal-Administratif-de-2023-decision-du-14062023.pdf\">3 &#8211; le jugement de la cour d&#8217;appel du Tribunal Administratif de 2023  d\u00e9cision du 14062023<\/a><a href=\"https:\/\/cessegoudron.fr\/wp-content\/uploads\/2026\/03\/3-le-jugement-de-la-cour-dappel-du-Tribunal-Administratif-de-2023-decision-du-14062023.pdf\" class=\"wp-block-file__button wp-element-button\" download aria-describedby=\"wp-block-file--media-81e99f02-3b89-481e-a718-281f0a29a3d6\">T\u00e9l\u00e9charger<\/a><\/div>\n\n\n\n<hr class=\"wp-block-separator has-alpha-channel-opacity\"\/>\n\n\n\n<p>3-&nbsp;la demande d&#8217;autorisation d&#8217;exploiter de Stal<\/p>\n\n\n\n<div data-wp-interactive=\"core\/file\" class=\"wp-block-file\"><object data-wp-bind--hidden=\"!state.hasPdfPreview\" hidden class=\"wp-block-file__embed\" data=\"https:\/\/cessegoudron.fr\/wp-content\/uploads\/2026\/04\/STAL_Piece-0.pdf\" type=\"application\/pdf\" style=\"width:100%;height:600px\" aria-label=\"Contenu embarqu\u00e9 STAL_Pi\u00e8ce 0.\"><\/object><a id=\"wp-block-file--media-089d68aa-a1d3-4059-8b87-41dbf434a151\" href=\"https:\/\/cessegoudron.fr\/wp-content\/uploads\/2026\/04\/STAL_Piece-0.pdf\">STAL_Pi\u00e8ce 0<\/a><a href=\"https:\/\/cessegoudron.fr\/wp-content\/uploads\/2026\/04\/STAL_Piece-0.pdf\" class=\"wp-block-file__button wp-element-button\" download aria-describedby=\"wp-block-file--media-089d68aa-a1d3-4059-8b87-41dbf434a151\">T\u00e9l\u00e9charger<\/a><\/div>\n\n\n\n<div data-wp-interactive=\"core\/file\" class=\"wp-block-file\"><object data-wp-bind--hidden=\"!state.hasPdfPreview\" hidden class=\"wp-block-file__embed\" data=\"https:\/\/cessegoudron.fr\/wp-content\/uploads\/2026\/04\/STAL_Piece-1.pdf\" type=\"application\/pdf\" style=\"width:100%;height:600px\" aria-label=\"Contenu embarqu\u00e9 STAL_Pi\u00e8ce 1.\"><\/object><a id=\"wp-block-file--media-dca44744-d575-4e38-a3fe-25836dde4ecd\" href=\"https:\/\/cessegoudron.fr\/wp-content\/uploads\/2026\/04\/STAL_Piece-1.pdf\">STAL_Pi\u00e8ce 1<\/a><a href=\"https:\/\/cessegoudron.fr\/wp-content\/uploads\/2026\/04\/STAL_Piece-1.pdf\" class=\"wp-block-file__button wp-element-button\" download aria-describedby=\"wp-block-file--media-dca44744-d575-4e38-a3fe-25836dde4ecd\">T\u00e9l\u00e9charger<\/a><\/div>\n\n\n\n<div data-wp-interactive=\"core\/file\" class=\"wp-block-file\"><object data-wp-bind--hidden=\"!state.hasPdfPreview\" hidden class=\"wp-block-file__embed\" data=\"https:\/\/cessegoudron.fr\/wp-content\/uploads\/2026\/04\/STAL_Piece-2.pdf\" type=\"application\/pdf\" style=\"width:100%;height:600px\" aria-label=\"Contenu embarqu\u00e9 STAL_Pi\u00e8ce 2.\"><\/object><a id=\"wp-block-file--media-174c5f0c-d6f3-42c5-b2ed-fabbac24c493\" href=\"https:\/\/cessegoudron.fr\/wp-content\/uploads\/2026\/04\/STAL_Piece-2.pdf\">STAL_Pi\u00e8ce 2<\/a><a href=\"https:\/\/cessegoudron.fr\/wp-content\/uploads\/2026\/04\/STAL_Piece-2.pdf\" class=\"wp-block-file__button wp-element-button\" download aria-describedby=\"wp-block-file--media-174c5f0c-d6f3-42c5-b2ed-fabbac24c493\">T\u00e9l\u00e9charger<\/a><\/div>\n\n\n\n<div data-wp-interactive=\"core\/file\" class=\"wp-block-file\"><object data-wp-bind--hidden=\"!state.hasPdfPreview\" hidden class=\"wp-block-file__embed\" data=\"https:\/\/cessegoudron.fr\/wp-content\/uploads\/2026\/04\/STAL_Piece-3.pdf\" type=\"application\/pdf\" style=\"width:100%;height:600px\" aria-label=\"Contenu embarqu\u00e9 STAL_Pi\u00e8ce 3.\"><\/object><a id=\"wp-block-file--media-2494c95b-86e5-46bf-8e4a-e65b6361c719\" href=\"https:\/\/cessegoudron.fr\/wp-content\/uploads\/2026\/04\/STAL_Piece-3.pdf\">STAL_Pi\u00e8ce 3<\/a><a href=\"https:\/\/cessegoudron.fr\/wp-content\/uploads\/2026\/04\/STAL_Piece-3.pdf\" class=\"wp-block-file__button wp-element-button\" download aria-describedby=\"wp-block-file--media-2494c95b-86e5-46bf-8e4a-e65b6361c719\">T\u00e9l\u00e9charger<\/a><\/div>\n\n\n\n<div data-wp-interactive=\"core\/file\" class=\"wp-block-file\"><object data-wp-bind--hidden=\"!state.hasPdfPreview\" hidden class=\"wp-block-file__embed\" data=\"https:\/\/cessegoudron.fr\/wp-content\/uploads\/2026\/04\/STAL_Piece-4.pdf\" type=\"application\/pdf\" style=\"width:100%;height:600px\" aria-label=\"Contenu embarqu\u00e9 STAL_Pi\u00e8ce 4.\"><\/object><a id=\"wp-block-file--media-d2fbe4d7-3b17-49c2-a811-a09f02deeb98\" href=\"https:\/\/cessegoudron.fr\/wp-content\/uploads\/2026\/04\/STAL_Piece-4.pdf\">STAL_Pi\u00e8ce 4<\/a><a href=\"https:\/\/cessegoudron.fr\/wp-content\/uploads\/2026\/04\/STAL_Piece-4.pdf\" class=\"wp-block-file__button wp-element-button\" download aria-describedby=\"wp-block-file--media-d2fbe4d7-3b17-49c2-a811-a09f02deeb98\">T\u00e9l\u00e9charger<\/a><\/div>\n\n\n\n<div data-wp-interactive=\"core\/file\" class=\"wp-block-file\"><object data-wp-bind--hidden=\"!state.hasPdfPreview\" hidden class=\"wp-block-file__embed\" data=\"https:\/\/cessegoudron.fr\/wp-content\/uploads\/2026\/04\/STAL_Piece-5.pdf\" type=\"application\/pdf\" style=\"width:100%;height:600px\" aria-label=\"Contenu embarqu\u00e9 STAL_Pi\u00e8ce 5.\"><\/object><a id=\"wp-block-file--media-26b46d8d-da81-4043-98c7-775726b28de1\" href=\"https:\/\/cessegoudron.fr\/wp-content\/uploads\/2026\/04\/STAL_Piece-5.pdf\">STAL_Pi\u00e8ce 5<\/a><a href=\"https:\/\/cessegoudron.fr\/wp-content\/uploads\/2026\/04\/STAL_Piece-5.pdf\" class=\"wp-block-file__button wp-element-button\" download aria-describedby=\"wp-block-file--media-26b46d8d-da81-4043-98c7-775726b28de1\">T\u00e9l\u00e9charger<\/a><\/div>\n\n\n\n<div data-wp-interactive=\"core\/file\" class=\"wp-block-file\"><object data-wp-bind--hidden=\"!state.hasPdfPreview\" hidden class=\"wp-block-file__embed\" data=\"https:\/\/cessegoudron.fr\/wp-content\/uploads\/2026\/04\/STAL_Piece-6.pdf\" type=\"application\/pdf\" style=\"width:100%;height:600px\" aria-label=\"Contenu embarqu\u00e9 STAL_Pi\u00e8ce 6.\"><\/object><a id=\"wp-block-file--media-36f3a7be-9656-49c9-95dc-f2173ea86b86\" href=\"https:\/\/cessegoudron.fr\/wp-content\/uploads\/2026\/04\/STAL_Piece-6.pdf\">STAL_Pi\u00e8ce 6<\/a><a href=\"https:\/\/cessegoudron.fr\/wp-content\/uploads\/2026\/04\/STAL_Piece-6.pdf\" class=\"wp-block-file__button wp-element-button\" download aria-describedby=\"wp-block-file--media-36f3a7be-9656-49c9-95dc-f2173ea86b86\">T\u00e9l\u00e9charger<\/a><\/div>\n\n\n\n<div data-wp-interactive=\"core\/file\" class=\"wp-block-file\"><object data-wp-bind--hidden=\"!state.hasPdfPreview\" hidden class=\"wp-block-file__embed\" data=\"https:\/\/cessegoudron.fr\/wp-content\/uploads\/2026\/04\/STAL_Piece-7.pdf\" type=\"application\/pdf\" style=\"width:100%;height:600px\" aria-label=\"Contenu embarqu\u00e9 STAL_Pi\u00e8ce 7.\"><\/object><a id=\"wp-block-file--media-89fba6a9-22d9-4145-a5dc-21108cca2dac\" href=\"https:\/\/cessegoudron.fr\/wp-content\/uploads\/2026\/04\/STAL_Piece-7.pdf\">STAL_Pi\u00e8ce 7<\/a><a href=\"https:\/\/cessegoudron.fr\/wp-content\/uploads\/2026\/04\/STAL_Piece-7.pdf\" class=\"wp-block-file__button wp-element-button\" download aria-describedby=\"wp-block-file--media-89fba6a9-22d9-4145-a5dc-21108cca2dac\">T\u00e9l\u00e9charger<\/a><\/div>\n\n\n\n<div data-wp-interactive=\"core\/file\" class=\"wp-block-file\"><object data-wp-bind--hidden=\"!state.hasPdfPreview\" hidden class=\"wp-block-file__embed\" data=\"https:\/\/cessegoudron.fr\/wp-content\/uploads\/2026\/04\/STAL_Piece-8.pdf\" type=\"application\/pdf\" style=\"width:100%;height:600px\" aria-label=\"Contenu embarqu\u00e9 STAL_Pi\u00e8ce 8.\"><\/object><a id=\"wp-block-file--media-e1178867-c47e-41f7-aae4-2b263965ad98\" href=\"https:\/\/cessegoudron.fr\/wp-content\/uploads\/2026\/04\/STAL_Piece-8.pdf\">STAL_Pi\u00e8ce 8<\/a><a href=\"https:\/\/cessegoudron.fr\/wp-content\/uploads\/2026\/04\/STAL_Piece-8.pdf\" class=\"wp-block-file__button wp-element-button\" download aria-describedby=\"wp-block-file--media-e1178867-c47e-41f7-aae4-2b263965ad98\">T\u00e9l\u00e9charger<\/a><\/div>\n\n\n\n<div data-wp-interactive=\"core\/file\" class=\"wp-block-file\"><object data-wp-bind--hidden=\"!state.hasPdfPreview\" hidden class=\"wp-block-file__embed\" data=\"https:\/\/cessegoudron.fr\/wp-content\/uploads\/2026\/04\/STAL_Piece-9.pdf\" type=\"application\/pdf\" style=\"width:100%;height:600px\" aria-label=\"Contenu embarqu\u00e9 STAL_Pi\u00e8ce 9.\"><\/object><a id=\"wp-block-file--media-aeafdbb4-5332-4320-a390-3b151de31c78\" href=\"https:\/\/cessegoudron.fr\/wp-content\/uploads\/2026\/04\/STAL_Piece-9.pdf\">STAL_Pi\u00e8ce 9<\/a><a href=\"https:\/\/cessegoudron.fr\/wp-content\/uploads\/2026\/04\/STAL_Piece-9.pdf\" class=\"wp-block-file__button wp-element-button\" download aria-describedby=\"wp-block-file--media-aeafdbb4-5332-4320-a390-3b151de31c78\">T\u00e9l\u00e9charger<\/a><\/div>\n\n\n\n<p><\/p>\n","protected":false},"excerpt":{"rendered":"<p>3 documents \u00e0 t\u00e9l\u00e9charger : 1 &#8211;&nbsp;le jugement du Tribunal Administratif de 2021, d\u00e9cision du 7\/10\/2021 2 &#8211;&nbsp;le jugement de la cour d&#8217;appel&nbsp;du Tribunal Administratif de 2023, d\u00e9cision du 14\/6\/2023 3-&nbsp;la demande d&#8217;autorisation d&#8217;exploiter de Stal<\/p>\n<div class=\"read-more-wrapper\"><a  href=\"https:\/\/cessegoudron.fr\/index.php\/documents\/\" title=\"Read More\"> <span class=\"nobutton\"> [&hellip;] <\/span><\/a><\/div>\n","protected":false},"author":1,"featured_media":839,"parent":0,"menu_order":0,"comment_status":"closed","ping_status":"closed","template":"","meta":{"footnotes":""},"class_list":["post-832","page","type-page","status-publish","has-post-thumbnail","hentry"],"_links":{"self":[{"href":"https:\/\/cessegoudron.fr\/index.php\/wp-json\/wp\/v2\/pages\/832","targetHints":{"allow":["GET"]}}],"collection":[{"href":"https:\/\/cessegoudron.fr\/index.php\/wp-json\/wp\/v2\/pages"}],"about":[{"href":"https:\/\/cessegoudron.fr\/index.php\/wp-json\/wp\/v2\/types\/page"}],"author":[{"embeddable":true,"href":"https:\/\/cessegoudron.fr\/index.php\/wp-json\/wp\/v2\/users\/1"}],"replies":[{"embeddable":true,"href":"https:\/\/cessegoudron.fr\/index.php\/wp-json\/wp\/v2\/comments?post=832"}],"version-history":[{"count":5,"href":"https:\/\/cessegoudron.fr\/index.php\/wp-json\/wp\/v2\/pages\/832\/revisions"}],"predecessor-version":[{"id":862,"href":"https:\/\/cessegoudron.fr\/index.php\/wp-json\/wp\/v2\/pages\/832\/revisions\/862"}],"wp:featuredmedia":[{"embeddable":true,"href":"https:\/\/cessegoudron.fr\/index.php\/wp-json\/wp\/v2\/media\/839"}],"wp:attachment":[{"href":"https:\/\/cessegoudron.fr\/index.php\/wp-json\/wp\/v2\/media?parent=832"}],"curies":[{"name":"wp","href":"https:\/\/api.w.org\/{rel}","templated":true}]}}